{"id":1145,"date":"2022-06-28T09:29:55","date_gmt":"2022-06-28T09:29:55","guid":{"rendered":"http:\/\/nexitic.com\/?page_id=1145"},"modified":"2022-07-01T11:44:59","modified_gmt":"2022-07-01T11:44:59","slug":"legal","status":"publish","type":"page","link":"http:\/\/nexitic.com\/en\/legal\/","title":{"rendered":"Legal warning"},"content":{"rendered":"<h1 class=\"wp-block-heading\">Legal warning<\/h1>\n\n\n\n<p><strong>LEY DE LOS SERVICIOS DE LA SOCIEDAD DE LA INFORMACI\u00d3N (LSSI)<\/strong><\/p>\n\n\n\n<p>NEXITIC DC CONSULTING, S.L., responsable del sitio web, en adelante RESPONSABLE, pone a disposici\u00f3n de los usuarios el presente documento, con el que pretende dar cumplimiento a las obligaciones dispuestas en la Ley 34\/2002, de 11 de julio, de Servicios de la Sociedad de la Informaci\u00f3n y de Comercio Electr\u00f3nico (LSSICE), BOE N.o 166, as\u00ed como informar a todos los usuarios del sitio web respecto a cu\u00e1les son las condiciones de uso.<\/p>\n\n\n\n<p>Toda persona que acceda a este sitio web asume el papel de usuario, comprometi\u00e9ndose a la observancia y cumplimiento riguroso de las disposiciones aqu\u00ed dispuestas, as\u00ed como a cualquier otra disposici\u00f3n legal que fuera de aplicaci\u00f3n.<\/p>\n\n\n\n<p>NEXITIC DC CONSULTING, S.L. se reserva el derecho de modificar cualquier tipo de informaci\u00f3n que pudiera aparecer en el sitio web, sin que exista obligaci\u00f3n de preavisar o poner en conocimiento de los usuarios dichas obligaciones, entendi\u00e9ndose como suficiente la publicaci\u00f3n en el sitio web de NEXITIC DC CONSULTING, S.L..<\/p>\n\n\n\n<p><strong>1. DATOS IDENTIFICATIVOS<\/strong><\/p>\n\n\n\n<p>Nombre de dominio: <a href=\"http:\/\/nexitic.com\/en\/\">nexitic.com<\/a><br>Nombre comercial: NEXITIC<br>Denominaci\u00f3n social: NEXITIC DC CONSULTING, S.L.<br>NIF: B88204185<br>Domicilio social: C\/ Ram\u00edrez de Arellano, 26 Bajo Local-3 28043 Madrid Tel\u00e9fono: +34 910691072<br>E-mail: marketing@nexitic.com<\/p>\n\n\n\n<p><strong>2. DERECHOS DE PROPIEDAD INTELECTUAL E INDUSTRIAL<\/strong><\/p>\n\n\n\n<p>El sitio web, incluyendo a t\u00edtulo enunciativo pero no limitativo su programaci\u00f3n, edici\u00f3n, compilaci\u00f3n y dem\u00e1s elementos necesarios para su funcionamiento, los dise\u00f1os, logotipos, texto y\/o gr\u00e1ficos, son propiedad del RESPONSABLE o, si es el caso, dispone de licencia o autorizaci\u00f3n expresa por parte de los autores. Todos los contenidos del sitio web se encuentran debidamente protegidos por la normativa de propiedad intelectual e industrial, as\u00ed como inscritos en los registros p\u00fablicos correspondientes. Independientemente de la finalidad para la que fueran destinados, la reproducci\u00f3n total o parcial, uso, explotaci\u00f3n, distribuci\u00f3n y comercializaci\u00f3n, requiere en todo caso la autorizaci\u00f3n escrita previa por parte del RESPONSABLE. Cualquier uso no autorizado previamente se considera un incumplimiento grave de los derechos de propiedad intelectual o industrial del autor.<\/p>\n\n\n\n<p>Los dise\u00f1os, logotipos, texto y\/o gr\u00e1ficos ajenos al RESPONSABLE y que pudieran aparecer en el sitio web, pertenecen a sus respectivos propietarios, siendo ellos mismos responsables de cualquier posible controversia que pudiera suscitarse respecto a los mismos. El RESPONSABLE autoriza expresamente a que terceros puedan redirigir directamente a los contenidos concretos del sitio web, y en todo caso  redirigir al sitio web principal de nexitic.com.<\/p>\n\n\n\n<p>El RESPONSABLE reconoce a favor de sus titulares los correspondientes derechos de propiedad intelectual e industrial, no implicando su sola menci\u00f3n o aparici\u00f3n en el sitio web la existencia de derechos o responsabilidad alguna sobre los mismos, como tampoco respaldo, patrocinio o recomendaci\u00f3n por parte del mismo.<\/p>\n\n\n\n<p>Para realizar cualquier tipo de observaci\u00f3n respecto a posibles incumplimientos de los derechos de propiedad intelectual o industrial, as\u00ed como sobre cualquiera de los contenidos del sitio web, puede hacerlo a trav\u00e9s del correo electr\u00f3nico marketing@nexitic.com.<\/p>\n\n\n\n<p><strong>3. EXENCI\u00d3N DE RESPONSABILIDADES<\/strong><\/p>\n\n\n\n<p>El RESPONSABLE se exime de cualquier tipo de responsabilidad derivada de la informaci\u00f3n publicada<br>en su sitio web siempre que no tenga conocimiento efectivo de que esta informaci\u00f3n haya sido manipulada o introducida por un tercero ajeno al mismo o, si lo tiene, haya actuado con diligencia para retirar los datos o hacer imposible el acceso a ellos.<\/p>","protected":false},"excerpt":{"rendered":"<p>Aviso legal LEY DE LOS SERVICIOS DE LA SOCIEDAD DE LA INFORMACI\u00d3N (LSSI) NEXITIC DC CONSULTING, S.L., responsable del sitio web, en adelante RESPONSABLE, pone a disposici\u00f3n de los usuarios el presente documento, con el que pretende dar cumplimiento a las obligaciones dispuestas en la Ley 34\/2002, de 11 de julio, de Servicios de la [&hellip;]<\/p>","protected":false},"author":1,"featured_media":0,"parent":0,"menu_order":0,"comment_status":"closed","ping_status":"closed","template":"","meta":{"inline_featured_image":false,"footnotes":"","_links_to":"","_links_to_target":""},"class_list":["post-1145","page","type-page","status-publish","hentry"],"yoast_head":"<!-- This site is optimized with the Yoast SEO plugin v24.4 - https:\/\/yoast.com\/wordpress\/plugins\/seo\/ -->\n<title>Aviso legal - Nexitic<\/title>\n<meta name=\"robots\" content=\"index, follow, max-snippet:-1, max-image-preview:large, max-video-preview:-1\" \/>\n<link rel=\"canonical\" href=\"https:\/\/nexitic.com\/en\/legal\/\" \/>\n<meta property=\"og:locale\" content=\"en_US\" \/>\n<meta property=\"og:type\" content=\"article\" \/>\n<meta property=\"og:title\" content=\"Aviso legal - Nexitic\" \/>\n<meta property=\"og:description\" content=\"Aviso legal LEY DE LOS SERVICIOS DE LA SOCIEDAD DE LA INFORMACI\u00d3N (LSSI) NEXITIC DC CONSULTING, S.L., responsable del sitio web, en adelante RESPONSABLE, pone a disposici\u00f3n de los usuarios el presente documento, con el que pretende dar cumplimiento a las obligaciones dispuestas en la Ley 34\/2002, de 11 de julio, de Servicios de la [&hellip;]\" \/>\n<meta property=\"og:url\" content=\"https:\/\/nexitic.com\/en\/legal\/\" \/>\n<meta property=\"og:site_name\" content=\"Nexitic\" \/>\n<meta property=\"article:modified_time\" content=\"2022-07-01T11:44:59+00:00\" \/>\n<meta name=\"twitter:card\" content=\"summary_large_image\" \/>\n<meta name=\"twitter:label1\" content=\"Est. reading time\" \/>\n\t<meta name=\"twitter:data1\" content=\"3 minutes\" \/>\n<script type=\"application\/ld+json\" class=\"yoast-schema-graph\">{\"@context\":\"https:\/\/schema.org\",\"@graph\":[{\"@type\":\"WebPage\",\"@id\":\"https:\/\/nexitic.com\/legal\/\",\"url\":\"https:\/\/nexitic.com\/legal\/\",\"name\":\"Aviso legal - Nexitic\",\"isPartOf\":{\"@id\":\"https:\/\/nexitic.com\/#website\"},\"datePublished\":\"2022-06-28T09:29:55+00:00\",\"dateModified\":\"2022-07-01T11:44:59+00:00\",\"breadcrumb\":{\"@id\":\"https:\/\/nexitic.com\/legal\/#breadcrumb\"},\"inLanguage\":\"en-US\",\"potentialAction\":[{\"@type\":\"ReadAction\",\"target\":[\"https:\/\/nexitic.com\/legal\/\"]}]},{\"@type\":\"BreadcrumbList\",\"@id\":\"https:\/\/nexitic.com\/legal\/#breadcrumb\",\"itemListElement\":[{\"@type\":\"ListItem\",\"position\":1,\"name\":\"Portada\",\"item\":\"https:\/\/nexitic.com\/\"},{\"@type\":\"ListItem\",\"position\":2,\"name\":\"Aviso legal\"}]},{\"@type\":\"WebSite\",\"@id\":\"https:\/\/nexitic.com\/#website\",\"url\":\"https:\/\/nexitic.com\/\",\"name\":\"Nexitic\",\"description\":\"Beyond the Data Center solutions\",\"publisher\":{\"@id\":\"https:\/\/nexitic.com\/#organization\"},\"potentialAction\":[{\"@type\":\"SearchAction\",\"target\":{\"@type\":\"EntryPoint\",\"urlTemplate\":\"https:\/\/nexitic.com\/?s={search_term_string}\"},\"query-input\":{\"@type\":\"PropertyValueSpecification\",\"valueRequired\":true,\"valueName\":\"search_term_string\"}}],\"inLanguage\":\"en-US\"},{\"@type\":\"Organization\",\"@id\":\"https:\/\/nexitic.com\/#organization\",\"name\":\"Nexitic\",\"url\":\"https:\/\/nexitic.com\/\",\"logo\":{\"@type\":\"ImageObject\",\"inLanguage\":\"en-US\",\"@id\":\"https:\/\/nexitic.com\/#\/schema\/logo\/image\/\",\"url\":\"http:\/\/nexitic.com\/wp-content\/uploads\/2022\/05\/nexitic-logo.svg\",\"contentUrl\":\"http:\/\/nexitic.com\/wp-content\/uploads\/2022\/05\/nexitic-logo.svg\",\"width\":1306,\"height\":440,\"caption\":\"Nexitic\"},\"image\":{\"@id\":\"https:\/\/nexitic.com\/#\/schema\/logo\/image\/\"}}]}<\/script>\n<!-- \/ Yoast SEO plugin. -->","yoast_head_json":{"title":"Aviso legal - Nexitic","robots":{"index":"index","follow":"follow","max-snippet":"max-snippet:-1","max-image-preview":"max-image-preview:large","max-video-preview":"max-video-preview:-1"},"canonical":"https:\/\/nexitic.com\/en\/legal\/","og_locale":"en_US","og_type":"article","og_title":"Aviso legal - Nexitic","og_description":"Aviso legal LEY DE LOS SERVICIOS DE LA SOCIEDAD DE LA INFORMACI\u00d3N (LSSI) NEXITIC DC CONSULTING, S.L., responsable del sitio web, en adelante RESPONSABLE, pone a disposici\u00f3n de los usuarios el presente documento, con el que pretende dar cumplimiento a las obligaciones dispuestas en la Ley 34\/2002, de 11 de julio, de Servicios de la [&hellip;]","og_url":"https:\/\/nexitic.com\/en\/legal\/","og_site_name":"Nexitic","article_modified_time":"2022-07-01T11:44:59+00:00","twitter_card":"summary_large_image","twitter_misc":{"Est. reading time":"3 minutes"},"schema":{"@context":"https:\/\/schema.org","@graph":[{"@type":"WebPage","@id":"https:\/\/nexitic.com\/legal\/","url":"https:\/\/nexitic.com\/legal\/","name":"Aviso legal - Nexitic","isPartOf":{"@id":"https:\/\/nexitic.com\/#website"},"datePublished":"2022-06-28T09:29:55+00:00","dateModified":"2022-07-01T11:44:59+00:00","breadcrumb":{"@id":"https:\/\/nexitic.com\/legal\/#breadcrumb"},"inLanguage":"en-US","potentialAction":[{"@type":"ReadAction","target":["https:\/\/nexitic.com\/legal\/"]}]},{"@type":"BreadcrumbList","@id":"https:\/\/nexitic.com\/legal\/#breadcrumb","itemListElement":[{"@type":"ListItem","position":1,"name":"Portada","item":"https:\/\/nexitic.com\/"},{"@type":"ListItem","position":2,"name":"Aviso legal"}]},{"@type":"WebSite","@id":"https:\/\/nexitic.com\/#website","url":"https:\/\/nexitic.com\/","name":"Nexitic","description":"Beyond the Data Center solutions","publisher":{"@id":"https:\/\/nexitic.com\/#organization"},"potentialAction":[{"@type":"SearchAction","target":{"@type":"EntryPoint","urlTemplate":"https:\/\/nexitic.com\/?s={search_term_string}"},"query-input":{"@type":"PropertyValueSpecification","valueRequired":true,"valueName":"search_term_string"}}],"inLanguage":"en-US"},{"@type":"Organization","@id":"https:\/\/nexitic.com\/#organization","name":"Nexitic","url":"https:\/\/nexitic.com\/","logo":{"@type":"ImageObject","inLanguage":"en-US","@id":"https:\/\/nexitic.com\/#\/schema\/logo\/image\/","url":"http:\/\/nexitic.com\/wp-content\/uploads\/2022\/05\/nexitic-logo.svg","contentUrl":"http:\/\/nexitic.com\/wp-content\/uploads\/2022\/05\/nexitic-logo.svg","width":1306,"height":440,"caption":"Nexitic"},"image":{"@id":"https:\/\/nexitic.com\/#\/schema\/logo\/image\/"}}]}},"_links":{"self":[{"href":"http:\/\/nexitic.com\/en\/wp-json\/wp\/v2\/pages\/1145","targetHints":{"allow":["GET"]}}],"collection":[{"href":"http:\/\/nexitic.com\/en\/wp-json\/wp\/v2\/pages"}],"about":[{"href":"http:\/\/nexitic.com\/en\/wp-json\/wp\/v2\/types\/page"}],"author":[{"embeddable":true,"href":"http:\/\/nexitic.com\/en\/wp-json\/wp\/v2\/users\/1"}],"replies":[{"embeddable":true,"href":"http:\/\/nexitic.com\/en\/wp-json\/wp\/v2\/comments?post=1145"}],"version-history":[{"count":6,"href":"http:\/\/nexitic.com\/en\/wp-json\/wp\/v2\/pages\/1145\/revisions"}],"predecessor-version":[{"id":1249,"href":"http:\/\/nexitic.com\/en\/wp-json\/wp\/v2\/pages\/1145\/revisions\/1249"}],"wp:attachment":[{"href":"http:\/\/nexitic.com\/en\/wp-json\/wp\/v2\/media?parent=1145"}],"curies":[{"name":"wp","href":"https:\/\/api.w.org\/{rel}","templated":true}]}}