{"id":334,"date":"2018-08-29T12:36:19","date_gmt":"2018-08-29T12:36:19","guid":{"rendered":"https:\/\/industify.frenify.net\/1\/?page_id=334"},"modified":"2022-07-06T15:04:31","modified_gmt":"2022-07-06T15:04:31","slug":"nosotros","status":"publish","type":"page","link":"https:\/\/nexitic.com\/en\/nosotros\/","title":{"rendered":"About us"},"content":{"rendered":"<div data-elementor-type=\"wp-post\" data-elementor-id=\"334\" class=\"elementor elementor-334\" data-elementor-post-type=\"page\">\n\t\t\t\t\t\t<section class=\"elementor-section elementor-top-section elementor-element elementor-element-757dd00 elementor-section-full_width elementor-section-height-default elementor-section-height-default\" data-id=\"757dd00\" data-element_type=\"section\" data-settings=\"{&quot;background_background&quot;:&quot;classic&quot;}\">\n\t\t\t\t\t\t<div class=\"elementor-container elementor-column-gap-default\">\n\t\t\t\t\t<div class=\"elementor-column elementor-col-100 elementor-top-column elementor-element elementor-element-f2f3383\" data-id=\"f2f3383\" data-element_type=\"column\">\n\t\t\t<div class=\"elementor-widget-wrap elementor-element-populated\">\n\t\t\t\t\t\t<div class=\"elementor-element elementor-element-86dd960 elementor-widget elementor-widget-frel-counter-with-rating\" data-id=\"86dd960\" data-element_type=\"widget\" data-widget_type=\"frel-counter-with-rating.default\">\n\t\t\t\t<div class=\"elementor-widget-container\">\n\t\t\t<div class=\"cons_w_wrapper\"><div class=\"fn_cs_counter_with_rating\"><div class=\"o_image\" data-bg-img=\"https:\/\/nexitic.com\/wp-content\/uploads\/2022\/07\/r_-r-2_BZuGgkP4k-unsplash-scaled.jpg\"><\/div><div class=\"container\"><div class=\"inner\"><div class=\"leftpart\"><ul><li><div><h3><span class=\"fn_cs_counter\" data-from=\"360\" data-to=\"\" data-speed=\"\">0<\/span><\/h3><p><\/p><\/div><\/li><\/ul><\/div><div class=\"rightpart\"><div class=\"rating_holder\"><span class=\"r_footer\"><\/span><img decoding=\"async\" class=\"industify_w_fn_svg\" src=\"https:\/\/nexitic.com\/wp-content\/plugins\/industify-core\/shortcode\/assets\/svg\/stars.svg\" alt=\"\" \/><h3 class=\"rating_number\"><\/h3><h3 class=\"rating_text\"><\/h3><\/div><div class=\"content_holder\"><h5><\/h5><h3>A 360 company<\/h3><p>Created in 2018 by Ignacio G\u00f3mez-Cornejo, with the mission of searching for and implementing highly sustainable design solutions, lower carbon footprint impact and excellence in energy efficiency for Data Centers.<\/p><div class=\"img_list fn_cs_lightgallery\"><ul><li><div class=\"lightbox\" data-src=\"https:\/\/nexitic.com\/wp-content\/uploads\/2022\/06\/paul-hanaoka-s0XabTAKvak-unsplash-1.jpg\" data-bg-img=\"\"><span class=\"plus\"><\/span><img decoding=\"async\" src=\"\" alt=\"\" \/><\/div><\/li><li><div class=\"lightbox\" data-src=\"https:\/\/nexitic.com\/wp-content\/uploads\/2022\/06\/jenessaa-lu-gTKFunYTVds-unsplash.jpg\" data-bg-img=\"\"><span class=\"plus\"><\/span><img decoding=\"async\" src=\"\" alt=\"\" \/><\/div><\/li><li><div class=\"lightbox\" data-src=\"https:\/\/nexitic.com\/wp-content\/uploads\/2022\/06\/dmitriy-byR1W9xCSN4-unsplash.jpg\" data-bg-img=\"\"><span class=\"plus\"><\/span><img decoding=\"async\" src=\"\" alt=\"\" \/><\/div><\/li><\/ul><\/div><\/div><div class=\"bg_holder\"><div class=\"o_color\"><\/div><\/div><\/div><\/div><\/div><\/div><\/div>\t\t<\/div>\n\t\t\t\t<\/div>\n\t\t\t\t\t<\/div>\n\t\t<\/div>\n\t\t\t\t\t<\/div>\n\t\t<\/section>\n\t\t\t\t<section class=\"elementor-section elementor-top-section elementor-element elementor-element-17f0cbf elementor-section-boxed elementor-section-height-default elementor-section-height-default\" data-id=\"17f0cbf\" data-element_type=\"section\">\n\t\t\t\t\t\t<div class=\"elementor-container elementor-column-gap-default\">\n\t\t\t\t\t<div class=\"elementor-column elementor-col-100 elementor-top-column elementor-element elementor-element-a45ffd3\" data-id=\"a45ffd3\" data-element_type=\"column\">\n\t\t\t<div class=\"elementor-widget-wrap elementor-element-populated\">\n\t\t\t\t\t\t<div class=\"elementor-element elementor-element-8517f21 elementor-widget elementor-widget-text-editor\" data-id=\"8517f21\" data-element_type=\"widget\" data-widget_type=\"text-editor.default\">\n\t\t\t\t<div class=\"elementor-widget-container\">\n\t\t\t\t\t\t\t<ul><li>We are specialists in the development of projects for the construction of Data Centers, covering the entire design chain, from the first conceptual stage, to the final design for construction.<br \/><br \/><br \/><\/li><li>We differentiate ourselves by our closeness when it comes to providing our services, which are personalized to our clients, from the first stage of the project.<br \/><br \/><\/li><li>We are committed to sustainable development, the circular economy and the implementation of renewable energies, within the decarbonization objectives of the 2030 Agenda, and in line with the spirit set by the United Nations SDGs (Sustainable Development Goals).<\/li><\/ul>\t\t\t\t\t\t<\/div>\n\t\t\t\t<\/div>\n\t\t\t\t\t<\/div>\n\t\t<\/div>\n\t\t\t\t\t<\/div>\n\t\t<\/section>\n\t\t\t\t<section class=\"elementor-section elementor-top-section elementor-element elementor-element-10170ca elementor-section-full_width elementor-section-height-default elementor-section-height-default\" data-id=\"10170ca\" data-element_type=\"section\">\n\t\t\t\t\t\t<div class=\"elementor-container elementor-column-gap-default\">\n\t\t\t\t\t<div class=\"elementor-column elementor-col-100 elementor-top-column elementor-element elementor-element-9386ce0\" data-id=\"9386ce0\" data-element_type=\"column\">\n\t\t\t<div class=\"elementor-widget-wrap elementor-element-populated\">\n\t\t\t\t\t\t<div class=\"elementor-element elementor-element-8e08a81 elementor-widget elementor-widget-frel-introduce\" data-id=\"8e08a81\" data-element_type=\"widget\" data-widget_type=\"frel-introduce.default\">\n\t\t\t\t<div class=\"elementor-widget-container\">\n\t\t\t<div class=\"cons_w_wrapper\"><div class=\"fn_cs_introduce_wrap fn_cs_lightgallery\" data-url-show=\"no\" data-wing-switch=\"disable\"><div class=\"container\"><div class=\"fn_cs_introduce\"><span class=\"wing11\"><\/span><span class=\"wing12\"><\/span><span class=\"wing21\"><\/span><span class=\"wing22\"><\/span><span class=\"video lightbox\"   data-src=\"\" ><span><\/span><\/span><div class=\"bg\"><div class=\"o_color\"><\/div><div class=\"o_image\" data-bg-img=\"\"><\/div><\/div><div class=\"content_holder\"><div class=\"title_holder\"><h5><\/h5><h3>Our goal<\/h3><p>NEXITIC&#039;s mission is to define designs and adopt technological solutions where decarbonization and the minimum impact on the carbon footprint mark the essential conception of the Data Center, always having the carbon neutral data center as its final goal.<\/p><\/div><div class=\"badge_holder\"><div class=\"title\"><h3><\/h3><\/div><div class=\"content\"><span class=\"year\">360\u00b0<\/span><span><\/span><\/div><\/div><\/div><\/div><\/div><\/div><\/div>\t\t<\/div>\n\t\t\t\t<\/div>\n\t\t\t\t\t<\/div>\n\t\t<\/div>\n\t\t\t\t\t<\/div>\n\t\t<\/section>\n\t\t\t\t<section class=\"elementor-section elementor-top-section elementor-element elementor-element-a5943a8 elementor-section-boxed elementor-section-height-default elementor-section-height-default\" data-id=\"a5943a8\" data-element_type=\"section\">\n\t\t\t\t\t\t<div class=\"elementor-container elementor-column-gap-default\">\n\t\t\t\t\t<div class=\"elementor-column elementor-col-100 elementor-top-column elementor-element elementor-element-22b1566\" data-id=\"22b1566\" data-element_type=\"column\">\n\t\t\t<div class=\"elementor-widget-wrap elementor-element-populated\">\n\t\t\t\t\t\t<div class=\"elementor-element elementor-element-53f7672 elementor-widget elementor-widget-text-editor\" data-id=\"53f7672\" data-element_type=\"widget\" data-widget_type=\"text-editor.default\">\n\t\t\t\t<div class=\"elementor-widget-container\">\n\t\t\t\t\t\t\t<ul><li>NEXITIC seeks the ideal design so that robustness and energy efficiency are in an appropriate balance to the requirements of the end user.<\/li><\/ul>\t\t\t\t\t\t<\/div>\n\t\t\t\t<\/div>\n\t\t\t\t\t<\/div>\n\t\t<\/div>\n\t\t\t\t\t<\/div>\n\t\t<\/section>\n\t\t\t\t<\/div>","protected":false},"excerpt":{"rendered":"<p>0 Una compa\u00f1ia 360 Nacida en el a\u00f1o 2018 de la mano de Ignacio G\u00f3mez-Cornejo, con la misi\u00f3n de b\u00fasqueda e implementaci\u00f3n de soluciones de dise\u00f1o de alta sostenibilidad, menor impacto de la huella de carbono y la excelencia en la eficiencia energ\u00e9tica para los Data Center. Somos especialistas en el desarrollo de proyectos para [&hellip;]<\/p>","protected":false},"author":1,"featured_media":0,"parent":0,"menu_order":0,"comment_status":"closed","ping_status":"closed","template":"page-fullwidth.php","meta":{"inline_featured_image":false,"footnotes":"","_links_to":"","_links_to_target":""},"class_list":["post-334","page","type-page","status-publish","hentry"],"yoast_head":"<!-- This site is optimized with the Yoast SEO plugin v24.4 - https:\/\/yoast.com\/wordpress\/plugins\/seo\/ -->\n<title>Nosotros - Nexitic<\/title>\n<meta name=\"robots\" content=\"index, follow, max-snippet:-1, max-image-preview:large, max-video-preview:-1\" \/>\n<link rel=\"canonical\" href=\"http:\/\/nexitic.com\/en\/nosotros\/\" \/>\n<meta property=\"og:locale\" content=\"en_US\" \/>\n<meta property=\"og:type\" content=\"article\" \/>\n<meta property=\"og:title\" content=\"Nosotros - Nexitic\" \/>\n<meta property=\"og:description\" content=\"0 Una compa\u00f1ia 360 Nacida en el a\u00f1o 2018 de la mano de Ignacio G\u00f3mez-Cornejo, con la misi\u00f3n de b\u00fasqueda e implementaci\u00f3n de soluciones de dise\u00f1o de alta sostenibilidad, menor impacto de la huella de carbono y la excelencia en la eficiencia energ\u00e9tica para los Data Center. Somos especialistas en el desarrollo de proyectos para [&hellip;]\" \/>\n<meta property=\"og:url\" content=\"http:\/\/nexitic.com\/en\/nosotros\/\" \/>\n<meta property=\"og:site_name\" content=\"Nexitic\" \/>\n<meta property=\"article:modified_time\" content=\"2022-07-06T15:04:31+00:00\" \/>\n<meta property=\"og:image\" content=\"http:\/\/nexitic.com\/wp-content\/plugins\/industify-core\/shortcode\/assets\/svg\/stars.svg\" \/>\n<meta name=\"twitter:card\" content=\"summary_large_image\" \/>\n<meta name=\"twitter:label1\" content=\"Est. reading time\" \/>\n\t<meta name=\"twitter:data1\" content=\"2 minutes\" \/>\n<script type=\"application\/ld+json\" class=\"yoast-schema-graph\">{\"@context\":\"https:\/\/schema.org\",\"@graph\":[{\"@type\":\"WebPage\",\"@id\":\"http:\/\/nexitic.com\/nosotros\/\",\"url\":\"http:\/\/nexitic.com\/nosotros\/\",\"name\":\"Nosotros - Nexitic\",\"isPartOf\":{\"@id\":\"https:\/\/nexitic.com\/#website\"},\"primaryImageOfPage\":{\"@id\":\"http:\/\/nexitic.com\/nosotros\/#primaryimage\"},\"image\":{\"@id\":\"http:\/\/nexitic.com\/nosotros\/#primaryimage\"},\"thumbnailUrl\":\"http:\/\/nexitic.com\/wp-content\/plugins\/industify-core\/shortcode\/assets\/svg\/stars.svg\",\"datePublished\":\"2018-08-29T12:36:19+00:00\",\"dateModified\":\"2022-07-06T15:04:31+00:00\",\"breadcrumb\":{\"@id\":\"http:\/\/nexitic.com\/nosotros\/#breadcrumb\"},\"inLanguage\":\"en-US\",\"potentialAction\":[{\"@type\":\"ReadAction\",\"target\":[\"http:\/\/nexitic.com\/nosotros\/\"]}]},{\"@type\":\"ImageObject\",\"inLanguage\":\"en-US\",\"@id\":\"http:\/\/nexitic.com\/nosotros\/#primaryimage\",\"url\":\"http:\/\/nexitic.com\/wp-content\/plugins\/industify-core\/shortcode\/assets\/svg\/stars.svg\",\"contentUrl\":\"http:\/\/nexitic.com\/wp-content\/plugins\/industify-core\/shortcode\/assets\/svg\/stars.svg\"},{\"@type\":\"BreadcrumbList\",\"@id\":\"http:\/\/nexitic.com\/nosotros\/#breadcrumb\",\"itemListElement\":[{\"@type\":\"ListItem\",\"position\":1,\"name\":\"Portada\",\"item\":\"https:\/\/nexitic.com\/\"},{\"@type\":\"ListItem\",\"position\":2,\"name\":\"Nosotros\"}]},{\"@type\":\"WebSite\",\"@id\":\"https:\/\/nexitic.com\/#website\",\"url\":\"https:\/\/nexitic.com\/\",\"name\":\"Nexitic\",\"description\":\"Beyond the Data Center solutions\",\"publisher\":{\"@id\":\"https:\/\/nexitic.com\/#organization\"},\"potentialAction\":[{\"@type\":\"SearchAction\",\"target\":{\"@type\":\"EntryPoint\",\"urlTemplate\":\"https:\/\/nexitic.com\/?s={search_term_string}\"},\"query-input\":{\"@type\":\"PropertyValueSpecification\",\"valueRequired\":true,\"valueName\":\"search_term_string\"}}],\"inLanguage\":\"en-US\"},{\"@type\":\"Organization\",\"@id\":\"https:\/\/nexitic.com\/#organization\",\"name\":\"Nexitic\",\"url\":\"https:\/\/nexitic.com\/\",\"logo\":{\"@type\":\"ImageObject\",\"inLanguage\":\"en-US\",\"@id\":\"https:\/\/nexitic.com\/#\/schema\/logo\/image\/\",\"url\":\"https:\/\/nexitic.com\/wp-content\/uploads\/2022\/05\/nexitic-logo.svg\",\"contentUrl\":\"https:\/\/nexitic.com\/wp-content\/uploads\/2022\/05\/nexitic-logo.svg\",\"width\":1306,\"height\":440,\"caption\":\"Nexitic\"},\"image\":{\"@id\":\"https:\/\/nexitic.com\/#\/schema\/logo\/image\/\"}}]}<\/script>\n<!-- \/ Yoast SEO plugin. -->","yoast_head_json":{"title":"Nosotros - Nexitic","robots":{"index":"index","follow":"follow","max-snippet":"max-snippet:-1","max-image-preview":"max-image-preview:large","max-video-preview":"max-video-preview:-1"},"canonical":"http:\/\/nexitic.com\/en\/nosotros\/","og_locale":"en_US","og_type":"article","og_title":"Nosotros - Nexitic","og_description":"0 Una compa\u00f1ia 360 Nacida en el a\u00f1o 2018 de la mano de Ignacio G\u00f3mez-Cornejo, con la misi\u00f3n de b\u00fasqueda e implementaci\u00f3n de soluciones de dise\u00f1o de alta sostenibilidad, menor impacto de la huella de carbono y la excelencia en la eficiencia energ\u00e9tica para los Data Center. Somos especialistas en el desarrollo de proyectos para [&hellip;]","og_url":"http:\/\/nexitic.com\/en\/nosotros\/","og_site_name":"Nexitic","article_modified_time":"2022-07-06T15:04:31+00:00","og_image":[{"url":"http:\/\/nexitic.com\/wp-content\/plugins\/industify-core\/shortcode\/assets\/svg\/stars.svg","type":"","width":"","height":""}],"twitter_card":"summary_large_image","twitter_misc":{"Est. reading time":"2 minutes"},"schema":{"@context":"https:\/\/schema.org","@graph":[{"@type":"WebPage","@id":"http:\/\/nexitic.com\/nosotros\/","url":"http:\/\/nexitic.com\/nosotros\/","name":"Nosotros - Nexitic","isPartOf":{"@id":"https:\/\/nexitic.com\/#website"},"primaryImageOfPage":{"@id":"http:\/\/nexitic.com\/nosotros\/#primaryimage"},"image":{"@id":"http:\/\/nexitic.com\/nosotros\/#primaryimage"},"thumbnailUrl":"http:\/\/nexitic.com\/wp-content\/plugins\/industify-core\/shortcode\/assets\/svg\/stars.svg","datePublished":"2018-08-29T12:36:19+00:00","dateModified":"2022-07-06T15:04:31+00:00","breadcrumb":{"@id":"http:\/\/nexitic.com\/nosotros\/#breadcrumb"},"inLanguage":"en-US","potentialAction":[{"@type":"ReadAction","target":["http:\/\/nexitic.com\/nosotros\/"]}]},{"@type":"ImageObject","inLanguage":"en-US","@id":"http:\/\/nexitic.com\/nosotros\/#primaryimage","url":"http:\/\/nexitic.com\/wp-content\/plugins\/industify-core\/shortcode\/assets\/svg\/stars.svg","contentUrl":"http:\/\/nexitic.com\/wp-content\/plugins\/industify-core\/shortcode\/assets\/svg\/stars.svg"},{"@type":"BreadcrumbList","@id":"http:\/\/nexitic.com\/nosotros\/#breadcrumb","itemListElement":[{"@type":"ListItem","position":1,"name":"Portada","item":"https:\/\/nexitic.com\/"},{"@type":"ListItem","position":2,"name":"Nosotros"}]},{"@type":"WebSite","@id":"https:\/\/nexitic.com\/#website","url":"https:\/\/nexitic.com\/","name":"Nexitic","description":"Beyond the Data Center solutions","publisher":{"@id":"https:\/\/nexitic.com\/#organization"},"potentialAction":[{"@type":"SearchAction","target":{"@type":"EntryPoint","urlTemplate":"https:\/\/nexitic.com\/?s={search_term_string}"},"query-input":{"@type":"PropertyValueSpecification","valueRequired":true,"valueName":"search_term_string"}}],"inLanguage":"en-US"},{"@type":"Organization","@id":"https:\/\/nexitic.com\/#organization","name":"Nexitic","url":"https:\/\/nexitic.com\/","logo":{"@type":"ImageObject","inLanguage":"en-US","@id":"https:\/\/nexitic.com\/#\/schema\/logo\/image\/","url":"https:\/\/nexitic.com\/wp-content\/uploads\/2022\/05\/nexitic-logo.svg","contentUrl":"https:\/\/nexitic.com\/wp-content\/uploads\/2022\/05\/nexitic-logo.svg","width":1306,"height":440,"caption":"Nexitic"},"image":{"@id":"https:\/\/nexitic.com\/#\/schema\/logo\/image\/"}}]}},"_links":{"self":[{"href":"https:\/\/nexitic.com\/en\/wp-json\/wp\/v2\/pages\/334","targetHints":{"allow":["GET"]}}],"collection":[{"href":"https:\/\/nexitic.com\/en\/wp-json\/wp\/v2\/pages"}],"about":[{"href":"https:\/\/nexitic.com\/en\/wp-json\/wp\/v2\/types\/page"}],"author":[{"embeddable":true,"href":"https:\/\/nexitic.com\/en\/wp-json\/wp\/v2\/users\/1"}],"replies":[{"embeddable":true,"href":"https:\/\/nexitic.com\/en\/wp-json\/wp\/v2\/comments?post=334"}],"version-history":[{"count":23,"href":"https:\/\/nexitic.com\/en\/wp-json\/wp\/v2\/pages\/334\/revisions"}],"predecessor-version":[{"id":1312,"href":"https:\/\/nexitic.com\/en\/wp-json\/wp\/v2\/pages\/334\/revisions\/1312"}],"wp:attachment":[{"href":"https:\/\/nexitic.com\/en\/wp-json\/wp\/v2\/media?parent=334"}],"curies":[{"name":"wp","href":"https:\/\/api.w.org\/{rel}","templated":true}]}}